{"id":674,"date":"2026-02-06T23:27:52","date_gmt":"2026-02-06T22:27:52","guid":{"rendered":"https:\/\/www.ngoune-avocat.com\/expertises\/"},"modified":"2026-03-15T21:37:07","modified_gmt":"2026-03-15T20:37:07","slug":"our-expertise","status":"publish","type":"page","link":"https:\/\/www.ngoune-avocat.com\/en\/our-expertise\/","title":{"rendered":"Our expertise"},"content":{"rendered":"\n<section class=\"hero-image relative  w-full flex flex-col items-center justify-center overflow-hidden\">\n    \n    <!-- Image de fond -->\n            <img decoding=\"async\" \n            alt=\"\" \n            class=\"absolute inset-0 w-full h-full object-cover\" \n            src=\"https:\/\/www.ngoune-avocat.com\/wp-content\/uploads\/2026\/02\/16471217-modern-office-buildings-in-central-hong-kong.jpg\">\n        <div class=\"absolute inset-0 hero-overlay\"><\/div>\n        \n    <!-- Breadcrumb en haut \u00e0 gauche -->\n            <div class=\"absolute top-20 left-0 mt-10 w-full\">\n            <div class=\"max-w-7xl mx-auto px-4 sm:px-6 lg:px-8\">\n                \n<!-- Breadcrumb Schema.org JSON-LD -->\n<script type=\"application\/ld+json\">\n{\n    \"@context\": \"https:\/\/schema.org\",\n    \"@type\": \"BreadcrumbList\",\n    \"itemListElement\": [\n        {\n            \"@type\": \"ListItem\",\n            \"position\": 1,\n            \"name\": \"Home\",\n            \"item\": \"https:\/\/www.ngoune-avocat.com\/en\/\"\n        }\n    ]\n}<\/script>\n\n<!-- Breadcrumb Navigation -->\n<nav aria-label=\"Breadcrumb\" class=\"flex flex-nowrap items-center gap-2 text-[10px] font-bold tracking-[0.2em] text-slate-400 uppercase overflow-x-auto scrollbar-hide breadcrumb-nav\" itemscope itemtype=\"https:\/\/schema.org\/BreadcrumbList\">\n            \n                \n                    <!-- \u00c9l\u00e9ment actuel : tronqu\u00e9 sur desktop, scroll sur mobile -->\n            <span class=\"breadcrumb-current text-slate-900 whitespace-nowrap flex-shrink-0\" itemprop=\"itemListElement\" itemscope itemtype=\"https:\/\/schema.org\/ListItem\" aria-current=\"page\" title=\"Home\">\n                <meta itemprop=\"position\" content=\"1\" \/>\n                <span itemprop=\"name\">Home<\/span>\n            <\/span>\n                \n    <\/nav>\n            <\/div>\n        <\/div>\n        \n    <!-- Contenu align\u00e9 \u00e0 gauche (comme la home) -->\n    <div class=\"relative z-10 w-full hero-content mt-20\">\n        <div class=\"max-w-7xl mx-auto px-4 sm:px-6 lg:px-8 pt-20\">\n            <style>\n                .hero-image .hero-content-wrapper {\n                    padding-left: 0 !important;\n                }\n                @media (min-width: 1024px) {\n                    .hero-image .hero-content-wrapper {\n                        padding-left: 82px !important;\n                    }\n                }\n            <\/style>\n            <div class=\"ml-0 lg:ml-[100px] max-w-3xl hero-content-wrapper pt-5 pb-20\">\n                \n                                    <span class=\"hero-animate hero-animate-1 block text-white\/60 text-xs font-bold uppercase tracking-[0.4em] mb-6\">\n                        Expertises                    <\/span>\n                                \n                                    <h1 class=\"hero-animate hero-animate-2 font-display text-4xl md:text-5xl lg:text-5xl text-white leading-tight\">\n                        <p>Our expertise<\/p>\n                    <\/h1>\n                                \n                                \n                                \n                <!-- Ligne d\u00e9corative -->\n                <div class=\"hero-animate hero-animate-4 h-1 w-24 bg-white mt-10\"><\/div>\n                \n            <\/div>\n        <\/div>\n    <\/div>\n    \n<\/section>\n\n\n\n<section class=\"pt-12   pb-6 bg-white\">\n    <div class=\"max-w-4xl mx-auto px-4 sm:px-6 lg:px-8\">\n        \n                \n                    <div class=\"prose prose-slate prose-lg mb-10\">\n                <h3>Comprehensive and strategic legal expertise at your side, for your success<\/h3>\n<p>Our firm draws on a range of complementary areas of expertise to support you in structuring, developing and running your business. Our local approach, backed by our international presence, enables us to address the complex business challenges you face with agility and effectiveness.<\/p>\n<p>Committed to protecting your interests, we take a multidisciplinary approach, collaborating strategically and intelligently to secure your international transactions and operations.<\/p>\n            <\/div>\n                \n                \n    <\/div>\n<\/section>\n\n\n\n<section class=\"py-24 bg-footer-bg relative overflow-hidden\" id=\"expertises\">\n    \n    <!-- Image de fond -->\n    <img decoding=\"async\" src=\"https:\/\/www.ngoune-avocat.com\/wp-content\/uploads\/2026\/02\/wall.jpg\" alt=\"\" class=\"absolute inset-0 w-full h-full object-cover\">\n    <div class=\"absolute inset-0 hero-gradient\"><\/div>\n    \n    <div class=\"max-w-7xl mx-auto px-4 sm:px-6 lg:px-8 relative z-10\">\n        \n                \n                \n                    <div class=\"grid grid-cols-1 md:grid-cols-2 lg:grid-cols-3 gap-8\">\n                \n                                \n                    <a \n                        class=\"bg-white p-10 rounded-2xl border border-slate-100 text-left flex flex-col items-start hover:shadow-2xl hover:border-primary\/20 hover:bg-slate-50 transition-all group h-full\" \n                        href=\"https:\/\/www.ngoune-avocat.com\/en\/our-expertise\/conseil-en-droit-des-affaires\/\" \n                        >\n                        \n                        <!--\n                        <div class=\"w-14 h-14 bg-slate-50 rounded-xl flex items-center justify-center mb-8 group-hover:bg-primary transition-colors\">\n                            <span class=\"material-symbols-outlined text-3xl text-slate-900 group-hover:text-white transition-colors\">business_center<\/span>\n                        <\/div>\n                    -->\n                        \n                        <h3 class=\"font-display text-xl font-bold mb-4 text-slate-900\">\n                            Commercial advisory                        <\/h3>\n                        \n                                                    <p class=\"text-slate-500 text-sm leading-relaxed mb-4\">\n                                Support in the creation, transfer, and legal management of your businesses.                            <\/p>\n                                                \n                                                    <span class=\"text-primary font-bold text-sm flex items-center gap-2 mt-auto transition-colors\">\n                                Learn more <span class=\"material-symbols-outlined text-lg\">arrow_forward<\/span>\n                            <\/span>\n                                                \n                    <\/a>\n                \n                                \n                    <a \n                        class=\"bg-white p-10 rounded-2xl border border-slate-100 text-left flex flex-col items-start hover:shadow-2xl hover:border-primary\/20 hover:bg-slate-50 transition-all group h-full\" \n                        href=\"https:\/\/www.ngoune-avocat.com\/en\/our-expertise\/restructuring-insolvency-law\/\" \n                        >\n                        \n                        <!--\n                        <div class=\"w-14 h-14 bg-slate-50 rounded-xl flex items-center justify-center mb-8 group-hover:bg-primary transition-colors\">\n                            <span class=\"material-symbols-outlined text-3xl text-slate-900 group-hover:text-white transition-colors\">domain_disabled<\/span>\n                        <\/div>\n                    -->\n                        \n                        <h3 class=\"font-display text-xl font-bold mb-4 text-slate-900\">\n                            Restructuring &amp; Insolvency law                        <\/h3>\n                        \n                                                    <p class=\"text-slate-500 text-sm leading-relaxed mb-4\">\n                                Anticipating and addressing difficulties to ensure the long-term viability of the business as going-concern.                             <\/p>\n                                                \n                                                    <span class=\"text-primary font-bold text-sm flex items-center gap-2 mt-auto transition-colors\">\n                                Learn more <span class=\"material-symbols-outlined text-lg\">arrow_forward<\/span>\n                            <\/span>\n                                                \n                    <\/a>\n                \n                                \n                    <a \n                        class=\"bg-white p-10 rounded-2xl border border-slate-100 text-left flex flex-col items-start hover:shadow-2xl hover:border-primary\/20 hover:bg-slate-50 transition-all group h-full\" \n                        href=\"https:\/\/www.ngoune-avocat.com\/en\/our-expertise\/contentieux-commercial\/\" \n                        >\n                        \n                        <!--\n                        <div class=\"w-14 h-14 bg-slate-50 rounded-xl flex items-center justify-center mb-8 group-hover:bg-primary transition-colors\">\n                            <span class=\"material-symbols-outlined text-3xl text-slate-900 group-hover:text-white transition-colors\">gavel<\/span>\n                        <\/div>\n                    -->\n                        \n                        <h3 class=\"font-display text-xl font-bold mb-4 text-slate-900\">\n                            Commercial litigation                        <\/h3>\n                        \n                                                    <p class=\"text-slate-500 text-sm leading-relaxed mb-4\">\n                                Manage complex commercial disputes and defend your strategic interests.                            <\/p>\n                                                \n                                                    <span class=\"text-primary font-bold text-sm flex items-center gap-2 mt-auto transition-colors\">\n                                Learn more <span class=\"material-symbols-outlined text-lg\">arrow_forward<\/span>\n                            <\/span>\n                                                \n                    <\/a>\n                \n                                \n                    <a \n                        class=\"bg-white p-10 rounded-2xl border border-slate-100 text-left flex flex-col items-start hover:shadow-2xl hover:border-primary\/20 hover:bg-slate-50 transition-all group h-full\" \n                        href=\"https:\/\/www.ngoune-avocat.com\/en\/our-expertise\/contentieux-commercial\/\" \n                        >\n                        \n                        <!--\n                        <div class=\"w-14 h-14 bg-slate-50 rounded-xl flex items-center justify-center mb-8 group-hover:bg-primary transition-colors\">\n                            <span class=\"material-symbols-outlined text-3xl text-slate-900 group-hover:text-white transition-colors\">balance<\/span>\n                        <\/div>\n                    -->\n                        \n                        <h3 class=\"font-display text-xl font-bold mb-4 text-slate-900\">\n                            Civil litigation                        <\/h3>\n                        \n                                                    <p class=\"text-slate-500 text-sm leading-relaxed mb-4\">\n                                Defending your interests in disputes relating to tortious or contractual liability.                            <\/p>\n                                                \n                                                    <span class=\"text-primary font-bold text-sm flex items-center gap-2 mt-auto transition-colors\">\n                                Learn more <span class=\"material-symbols-outlined text-lg\">arrow_forward<\/span>\n                            <\/span>\n                                                \n                    <\/a>\n                \n                                \n                    <a \n                        class=\"bg-white p-10 rounded-2xl border border-slate-100 text-left flex flex-col items-start hover:shadow-2xl hover:border-primary\/20 hover:bg-slate-50 transition-all group h-full\" \n                        href=\"https:\/\/www.ngoune-avocat.com\/en\/our-expertise\/resolution-des-litiges-a-lamiable\/\" \n                        >\n                        \n                        <!--\n                        <div class=\"w-14 h-14 bg-slate-50 rounded-xl flex items-center justify-center mb-8 group-hover:bg-primary transition-colors\">\n                            <span class=\"material-symbols-outlined text-3xl text-slate-900 group-hover:text-white transition-colors\">handshake<\/span>\n                        <\/div>\n                    -->\n                        \n                        <h3 class=\"font-display text-xl font-bold mb-4 text-slate-900\">\n                            Amicable dispute resolution                        <\/h3>\n                        \n                                                    <p class=\"text-slate-500 text-sm leading-relaxed mb-4\">\n                                Implementation ADR procedures to find an amicable and confidential resolution to your disputes.                            <\/p>\n                                                \n                                                    <span class=\"text-primary font-bold text-sm flex items-center gap-2 mt-auto transition-colors\">\n                                Learn more <span class=\"material-symbols-outlined text-lg\">arrow_forward<\/span>\n                            <\/span>\n                                                \n                    <\/a>\n                \n                                \n                    <a \n                        class=\"bg-white p-10 rounded-2xl border border-slate-100 text-left flex flex-col items-start hover:shadow-2xl hover:border-primary\/20 hover:bg-slate-50 transition-all group h-full\" \n                        href=\"https:\/\/www.ngoune-avocat.com\/en\/our-expertise\/protective-measures\/\" \n                        >\n                        \n                        <!--\n                        <div class=\"w-14 h-14 bg-slate-50 rounded-xl flex items-center justify-center mb-8 group-hover:bg-primary transition-colors\">\n                            <span class=\"material-symbols-outlined text-3xl text-slate-900 group-hover:text-white transition-colors\">verified_user<\/span>\n                        <\/div>\n                    -->\n                        \n                        <h3 class=\"font-display text-xl font-bold mb-4 text-slate-900\">\n                            Protective measures                        <\/h3>\n                        \n                                                    <p class=\"text-slate-500 text-sm leading-relaxed mb-4\">\n                                Securing the recovery of your debts and enforcing judgments.                            <\/p>\n                                                \n                                                    <span class=\"text-primary font-bold text-sm flex items-center gap-2 mt-auto transition-colors\">\n                                Learn more <span class=\"material-symbols-outlined text-lg\">arrow_forward<\/span>\n                            <\/span>\n                                                \n                    <\/a>\n                \n                                \n                    <a \n                        class=\"bg-white p-10 rounded-2xl border border-slate-100 text-left flex flex-col items-start hover:shadow-2xl hover:border-primary\/20 hover:bg-slate-50 transition-all group h-full\" \n                        href=\"https:\/\/www.ngoune-avocat.com\/en\/our-expertise\/droit-ohada\/\" \n                        >\n                        \n                        <!--\n                        <div class=\"w-14 h-14 bg-slate-50 rounded-xl flex items-center justify-center mb-8 group-hover:bg-primary transition-colors\">\n                            <span class=\"material-symbols-outlined text-3xl text-slate-900 group-hover:text-white transition-colors\">public<\/span>\n                        <\/div>\n                    -->\n                        \n                        <h3 class=\"font-display text-xl font-bold mb-4 text-slate-900\">\n                            OHADA Law                        <\/h3>\n                        \n                                                    <p class=\"text-slate-500 text-sm leading-relaxed mb-4\">\n                                Support with the implementation of your projects within the OHADA region.                            <\/p>\n                                                \n                                                    <span class=\"text-primary font-bold text-sm flex items-center gap-2 mt-auto transition-colors\">\n                                Learn more <span class=\"material-symbols-outlined text-lg\">arrow_forward<\/span>\n                            <\/span>\n                                                \n                    <\/a>\n                \n                                \n                    <a \n                        class=\"bg-white p-10 rounded-2xl border border-slate-100 text-left flex flex-col items-start hover:shadow-2xl hover:border-primary\/20 hover:bg-slate-50 transition-all group h-full\" \n                        href=\"https:\/\/www.ngoune-avocat.com\/en\/our-expertise\/mandataire-dartistes\/\" \n                        >\n                        \n                        <!--\n                        <div class=\"w-14 h-14 bg-slate-50 rounded-xl flex items-center justify-center mb-8 group-hover:bg-primary transition-colors\">\n                            <span class=\"material-symbols-outlined text-3xl text-slate-900 group-hover:text-white transition-colors\">palette<\/span>\n                        <\/div>\n                    -->\n                        \n                        <h3 class=\"font-display text-xl font-bold mb-4 text-slate-900\">\n                            Artists&#039; agent                        <\/h3>\n                        \n                                                    <p class=\"text-slate-500 text-sm leading-relaxed mb-4\">\n                                Protection of intellectual property and management of cultural contracts.                            <\/p>\n                                                \n                                                    <span class=\"text-primary font-bold text-sm flex items-center gap-2 mt-auto transition-colors\">\n                                Learn more <span class=\"material-symbols-outlined text-lg\">arrow_forward<\/span>\n                            <\/span>\n                                                \n                    <\/a>\n                \n                                \n            <\/div>\n                \n    <\/div>\n    \n<\/section>\n","protected":false},"excerpt":{"rendered":"","protected":false},"author":1,"featured_media":0,"parent":0,"menu_order":0,"comment_status":"closed","ping_status":"closed","template":"","meta":{"_acf_changed":false,"footnotes":""},"class_list":["post-674","page","type-page","status-publish","hentry"],"acf":[],"_links":{"self":[{"href":"https:\/\/www.ngoune-avocat.com\/en\/wp-json\/wp\/v2\/pages\/674","targetHints":{"allow":["GET"]}}],"collection":[{"href":"https:\/\/www.ngoune-avocat.com\/en\/wp-json\/wp\/v2\/pages"}],"about":[{"href":"https:\/\/www.ngoune-avocat.com\/en\/wp-json\/wp\/v2\/types\/page"}],"author":[{"embeddable":true,"href":"https:\/\/www.ngoune-avocat.com\/en\/wp-json\/wp\/v2\/users\/1"}],"replies":[{"embeddable":true,"href":"https:\/\/www.ngoune-avocat.com\/en\/wp-json\/wp\/v2\/comments?post=674"}],"version-history":[{"count":13,"href":"https:\/\/www.ngoune-avocat.com\/en\/wp-json\/wp\/v2\/pages\/674\/revisions"}],"predecessor-version":[{"id":1936,"href":"https:\/\/www.ngoune-avocat.com\/en\/wp-json\/wp\/v2\/pages\/674\/revisions\/1936"}],"wp:attachment":[{"href":"https:\/\/www.ngoune-avocat.com\/en\/wp-json\/wp\/v2\/media?parent=674"}],"curies":[{"name":"wp","href":"https:\/\/api.w.org\/{rel}","templated":true}]}}