{"id":687,"date":"2026-02-07T00:39:00","date_gmt":"2026-02-06T23:39:00","guid":{"rendered":"https:\/\/www.ngoune-avocat.com\/our-expertise\/mesures-conservatoires\/"},"modified":"2026-03-15T19:44:52","modified_gmt":"2026-03-15T18:44:52","slug":"protective-measures","status":"publish","type":"page","link":"https:\/\/www.ngoune-avocat.com\/en\/our-expertise\/protective-measures\/","title":{"rendered":"Protective measures"},"content":{"rendered":"\n<section class=\"hero-image relative  w-full flex flex-col items-center justify-center overflow-hidden\">\n    \n    <!-- Image de fond -->\n            <img decoding=\"async\" \n            alt=\"\" \n            class=\"absolute inset-0 w-full h-full object-cover\" \n            src=\"https:\/\/www.ngoune-avocat.com\/wp-content\/uploads\/2026\/02\/wall.jpg\">\n        <div class=\"absolute inset-0 hero-overlay\"><\/div>\n        \n    <!-- Breadcrumb en haut \u00e0 gauche -->\n            <div class=\"absolute top-20 left-0 mt-10 w-full\">\n            <div class=\"max-w-7xl mx-auto px-4 sm:px-6 lg:px-8\">\n                \n<!-- Breadcrumb Schema.org JSON-LD -->\n<script type=\"application\/ld+json\">\n{\n    \"@context\": \"https:\/\/schema.org\",\n    \"@type\": \"BreadcrumbList\",\n    \"itemListElement\": [\n        {\n            \"@type\": \"ListItem\",\n            \"position\": 1,\n            \"name\": \"Home\",\n            \"item\": \"https:\/\/www.ngoune-avocat.com\/en\/\"\n        }\n    ]\n}<\/script>\n\n<!-- Breadcrumb Navigation -->\n<nav aria-label=\"Breadcrumb\" class=\"flex flex-nowrap items-center gap-2 text-[10px] font-bold tracking-[0.2em] text-slate-400 uppercase overflow-x-auto scrollbar-hide breadcrumb-nav\" itemscope itemtype=\"https:\/\/schema.org\/BreadcrumbList\">\n            \n                \n                    <!-- \u00c9l\u00e9ment actuel : tronqu\u00e9 sur desktop, scroll sur mobile -->\n            <span class=\"breadcrumb-current text-slate-900 whitespace-nowrap flex-shrink-0\" itemprop=\"itemListElement\" itemscope itemtype=\"https:\/\/schema.org\/ListItem\" aria-current=\"page\" title=\"Home\">\n                <meta itemprop=\"position\" content=\"1\" \/>\n                <span itemprop=\"name\">Home<\/span>\n            <\/span>\n                \n    <\/nav>\n            <\/div>\n        <\/div>\n        \n    <!-- Contenu align\u00e9 \u00e0 gauche (comme la home) -->\n    <div class=\"relative z-10 w-full hero-content mt-20\">\n        <div class=\"max-w-7xl mx-auto px-4 sm:px-6 lg:px-8 pt-20\">\n            <style>\n                .hero-image .hero-content-wrapper {\n                    padding-left: 0 !important;\n                }\n                @media (min-width: 1024px) {\n                    .hero-image .hero-content-wrapper {\n                        padding-left: 82px !important;\n                    }\n                }\n            <\/style>\n            <div class=\"ml-0 lg:ml-[100px] max-w-3xl hero-content-wrapper pt-5 pb-20\">\n                \n                                    <span class=\"hero-animate hero-animate-1 block text-white\/60 text-xs font-bold uppercase tracking-[0.4em] mb-6\">\n                        Expertises                    <\/span>\n                                \n                                    <h1 class=\"hero-animate hero-animate-2 font-display text-4xl md:text-5xl lg:text-5xl text-white leading-tight\">\n                        <p>Precautionary measures and enforcement procedures<\/p>\n                    <\/h1>\n                                \n                                \n                                \n                <!-- Ligne d\u00e9corative -->\n                <div class=\"hero-animate hero-animate-4 h-1 w-24 bg-white mt-10\"><\/div>\n                \n            <\/div>\n        <\/div>\n    <\/div>\n    \n<\/section>\n\n\n\n<div class=\"block-expertise-nav-bottom bg-white relative\">\n    <div class=\"max-w-4xl mx-auto px-4 sm:px-6 lg:px-8 relative z-10\">\n        <div class=\"border-slate-100 flex items-center justify-between\" style=\"margin-top: 0; margin-bottom: 0; padding-top: 2rem; padding-bottom: 2rem;\">\n            \n                            <a \n                    class=\"flex items-center gap-2 text-xs font-bold uppercase tracking-widest text-slate-400 hover:text-primary transition-colors\" \n                    href=\"https:\/\/www.ngoune-avocat.com\/en\/our-expertise\/\"\n                                    >\n                                            <span class=\"material-symbols-outlined text-sm\">arrow_back<\/span>\n                                        Our Expertises                <\/a>\n                        \n                            <a \n                    class=\"flex items-center gap-2 text-xs font-bold uppercase tracking-widest text-slate-400 hover:text-primary transition-colors\" \n                    href=\"https:\/\/www.ngoune-avocat.com\/en\/contact\/\"\n                                    >\n                    Contact                                            <span class=\"material-symbols-outlined text-sm\">arrow_forward<\/span>\n                                    <\/a>\n                        \n        <\/div>\n    <\/div>\n<\/div>\n\n\n\n<section class=\"pt-12   pb-6 bg-background-light\">\n    <div class=\"max-w-4xl mx-auto px-4 sm:px-6 lg:px-8\">\n        \n                \n                    <div class=\"prose prose-slate prose-lg mb-10\">\n                <h3>Before initiating legal proceedings to obtain a payment order, it is necessary to assess the immediate, short-term, or even medium-term solvency of the potential debtor.<\/h3>\n<p>Therefore, before taking legal action, we recommend first analyzing and, as far as possible, preempting the enforcement of a favorable decision.<\/p>\n<p><strong><\/strong><\/p>\n            <\/div>\n                \n                \n    <\/div>\n<\/section>\n\n\n\n<section class=\"bg-white relative accordion-block--ligne\">\n    <div class=\"max-w-7xl mx-auto  xl:px-12 relative z-10\">\n        <div class=\"prose max-w-none py-12 lg:py-16\" style=\"\">\n            \n                            <!-- Style Ligne : deux colonnes, tout visible, full width avec marges \u00e9gales -->\n                <style>\n                    .accordion-block--ligne .accordion-content-wrapper {\n                        width: 100%;\n                        padding-left: 1rem;\n                        padding-right: 1rem;\n                    }\n                    @media (min-width: 640px) {\n                        .accordion-block--ligne .accordion-content-wrapper {\n                            padding-left: 1.5rem;\n                            padding-right: 1.5rem;\n                        }\n                    }\n                    @media (min-width: 1024px) {\n                        .accordion-block--ligne .accordion-content-wrapper {\n                            padding-left: 100px;\n                            padding-right: 100px;\n                        }\n                    }\n                <\/style>\n                <div class=\"accordion-content-wrapper\">\n                                <div class=\"accordion-ligne not-prose bg-[#F8F9FB] rounded-lg overflow-hidden\">\n                                            <div class=\"accordion-ligne-item flex flex-col md:flex-row md:items-start gap-4 md:gap-8 lg:gap-12 py-6 md:py-8 lg:py-10 px-4 sm:px-6 lg:px-10 border-b border-slate-200\">\n                            <div class=\"accordion-ligne-title w-full md:w-[30%] md:max-w-[30%] md:flex-shrink-0 md:min-w-0 relative pl-4 border-l-2 border-[#D1DDEB]\">\n                                <div class=\"absolute -left-1 top-0 w-8 h-8 opacity-20\" aria-hidden=\"true\">\n                                    <svg viewBox=\"0 0 24 24\" fill=\"none\" stroke=\"currentColor\" stroke-width=\"1.5\" class=\"text-primary\">\n                                        <path d=\"M9 12h6m-6 4h6m2 5H7a2 2 0 01-2-2V5a2 2 0 012-2h5.586a1 1 0 01.707.293l5.414 5.414a1 1 0 01.293.707V19a2 2 0 01-2 2z\" stroke-linecap=\"round\" stroke-linejoin=\"round\"\/>\n                                    <\/svg>\n                                <\/div>\n                                <h4 class=\"font-display font-bold text-primary text-xl sm:text-2xl lg:text-3xl leading-snug break-words m-0\">\n                                    Precautionary seizures                                <\/h4>\n                            <\/div>\n                            <div class=\"accordion-ligne-content-wrapper flex-1 min-w-0\">\n                                <div class=\"accordion-ligne-content text-slate-700 leading-relaxed text-base sm:text-lg\">\n                                    <p>Prior to any proceedings on the merits of the case, and by way of an ex parte application, we take urgent protective measures to secure your rights and prevent the debtor from taking any steps to organise their insolvency.<\/p>\n                                <\/div>\n                                                            <\/div>\n                        <\/div>\n                                            <div class=\"accordion-ligne-item flex flex-col md:flex-row md:items-start gap-4 md:gap-8 lg:gap-12 py-6 md:py-8 lg:py-10 px-4 sm:px-6 lg:px-10 border-b border-slate-200\">\n                            <div class=\"accordion-ligne-title w-full md:w-[30%] md:max-w-[30%] md:flex-shrink-0 md:min-w-0 relative pl-4 border-l-2 border-[#D1DDEB]\">\n                                <div class=\"absolute -left-1 top-0 w-8 h-8 opacity-20\" aria-hidden=\"true\">\n                                    <svg viewBox=\"0 0 24 24\" fill=\"none\" stroke=\"currentColor\" stroke-width=\"1.5\" class=\"text-primary\">\n                                        <path d=\"M9 12h6m-6 4h6m2 5H7a2 2 0 01-2-2V5a2 2 0 012-2h5.586a1 1 0 01.707.293l5.414 5.414a1 1 0 01.293.707V19a2 2 0 01-2 2z\" stroke-linecap=\"round\" stroke-linejoin=\"round\"\/>\n                                    <\/svg>\n                                <\/div>\n                                <h4 class=\"font-display font-bold text-primary text-xl sm:text-2xl lg:text-3xl leading-snug break-words m-0\">\n                                    Seizures and assignments                                <\/h4>\n                            <\/div>\n                            <div class=\"accordion-ligne-content-wrapper flex-1 min-w-0\">\n                                <div class=\"accordion-ligne-content text-slate-700 leading-relaxed text-base sm:text-lg\">\n                                    <p>Following proceedings on the merits of the case and a favourable judgment, we will, through a bailiff, take enforcement measures if the debtor fails to comply voluntarily. These measures enable us to secure payment by seizing the sums owed from the debtor\u2019s bank accounts or any other claims or assets.<\/p>\n                                <\/div>\n                                                            <\/div>\n                        <\/div>\n                                            <div class=\"accordion-ligne-item flex flex-col md:flex-row md:items-start gap-4 md:gap-8 lg:gap-12 py-6 md:py-8 lg:py-10 px-4 sm:px-6 lg:px-10 \">\n                            <div class=\"accordion-ligne-title w-full md:w-[30%] md:max-w-[30%] md:flex-shrink-0 md:min-w-0 relative pl-4 border-l-2 border-[#D1DDEB]\">\n                                <div class=\"absolute -left-1 top-0 w-8 h-8 opacity-20\" aria-hidden=\"true\">\n                                    <svg viewBox=\"0 0 24 24\" fill=\"none\" stroke=\"currentColor\" stroke-width=\"1.5\" class=\"text-primary\">\n                                        <path d=\"M9 12h6m-6 4h6m2 5H7a2 2 0 01-2-2V5a2 2 0 012-2h5.586a1 1 0 01.707.293l5.414 5.414a1 1 0 01.293.707V19a2 2 0 01-2 2z\" stroke-linecap=\"round\" stroke-linejoin=\"round\"\/>\n                                    <\/svg>\n                                <\/div>\n                                <h4 class=\"font-display font-bold text-primary text-xl sm:text-2xl lg:text-3xl leading-snug break-words m-0\">\n                                    Search for seizable assets                                <\/h4>\n                            <\/div>\n                            <div class=\"accordion-ligne-content-wrapper flex-1 min-w-0\">\n                                <div class=\"accordion-ligne-content text-slate-700 leading-relaxed text-base sm:text-lg\">\n                                    <p>We carry out, through a bailiff and on the basis of a court order, all necessary investigations to identify the debtor\u2019s property and assets that may be subject to enforcement measures.<\/p>\n                                <\/div>\n                                                            <\/div>\n                        <\/div>\n                                    <\/div>\n                <\/div>\n                        \n        <\/div>\n    <\/div>\n<\/section>\n\n<style>\n.accordion-content {\n    max-height: 0;\n    overflow: hidden;\n    transition: max-height 0.3s ease;\n}\n.accordion-item.active .accordion-content {\n    max-height: 1000px;\n}\n.accordion-item.active .toggle-icon {\n    transform: rotate(180deg);\n}\n.accordion-item.active .accordion-toggle {\n    background-color: #f8fafc;\n}\n.prose.max-w-none em {\n    font-style: italic;\n}\n.accordion-content p {\n    font-size: 0.875rem !important;\n    line-height: 1.5rem !important;\n}\n.accordion-content p:last-child {\n    margin-bottom: 0 !important;\n}\n.accordion-ligne-content p {\n    margin-top: 0 !important;\n    margin-bottom: 0.75em;\n}\n.accordion-ligne-content p:last-child {\n    margin-bottom: 0 !important;\n}\n.accordion-ligne-item.active .accordion-ligne-extra {\n    max-height: 2000px;\n}\n.accordion-ligne-item.active .accordion-ligne-toggle-icon {\n    transform: rotate(180deg);\n}\n.accordion-ligne-extra-inner p {\n    margin-top: 0 !important;\n    margin-bottom: 0.75em;\n}\n.accordion-ligne-extra-inner p:last-child {\n    margin-bottom: 0 !important;\n}\n@media (min-width: 768px) {\n    .accordion-ligne-item {\n        display: grid;\n        grid-template-columns: 30% 1fr;\n        gap: 2rem 3rem;\n        align-items: start;\n    }\n    .accordion-ligne-title {\n        width: 100% !important;\n        max-width: none !important;\n    }\n}\n<\/style>\n\n<script>\ndocument.addEventListener('DOMContentLoaded', function() {\n        \/\/ Style Ligne : bouton En savoir plus \/ Moins\n    document.querySelectorAll('.accordion-ligne-toggle').forEach(function(btn) {\n        btn.addEventListener('click', function() {\n            const item = this.closest('.accordion-ligne-item');\n            const content = document.getElementById(this.getAttribute('aria-controls'));\n            const textEl = this.querySelector('.accordion-ligne-toggle-text');\n            const isActive = item.classList.contains('active');\n            \n            item.classList.toggle('active');\n            this.setAttribute('aria-expanded', !isActive);\n            content.setAttribute('aria-hidden', isActive);\n            textEl.textContent = isActive ? this.dataset.labelMore : this.dataset.labelLess;\n        });\n    });\n    });\n<\/script>\n\n\n\n<div class=\"block-expertise-nav-bottom bg-white relative\">\n    <div class=\"max-w-4xl mx-auto px-4 sm:px-6 lg:px-8 relative z-10\">\n        <div class=\"border-t border-slate-100 flex items-center justify-between\" style=\"margin-top: 0; margin-bottom: 0; padding-top: 2rem; padding-bottom: 2rem;\">\n            \n                            <a \n                    class=\"flex items-center gap-2 text-xs font-bold uppercase tracking-widest text-slate-400 hover:text-primary transition-colors\" \n                    href=\"https:\/\/www.ngoune-avocat.com\/en\/our-expertise\/\"\n                                    >\n                                            <span class=\"material-symbols-outlined text-sm\">arrow_back<\/span>\n                                        Our Expertises                <\/a>\n                        \n                            <a \n                    class=\"flex items-center gap-2 text-xs font-bold uppercase tracking-widest text-slate-400 hover:text-primary transition-colors\" \n                    href=\"https:\/\/www.ngoune-avocat.com\/en\/contact\/\"\n                                    >\n                    Contact                                            <span class=\"material-symbols-outlined text-sm\">arrow_forward<\/span>\n                                    <\/a>\n                        \n        <\/div>\n    <\/div>\n<\/div>\n\n\n\n\n","protected":false},"excerpt":{"rendered":"","protected":false},"author":1,"featured_media":0,"parent":674,"menu_order":0,"comment_status":"closed","ping_status":"closed","template":"","meta":{"_acf_changed":false,"footnotes":""},"class_list":["post-687","page","type-page","status-publish","hentry"],"acf":[],"_links":{"self":[{"href":"https:\/\/www.ngoune-avocat.com\/en\/wp-json\/wp\/v2\/pages\/687","targetHints":{"allow":["GET"]}}],"collection":[{"href":"https:\/\/www.ngoune-avocat.com\/en\/wp-json\/wp\/v2\/pages"}],"about":[{"href":"https:\/\/www.ngoune-avocat.com\/en\/wp-json\/wp\/v2\/types\/page"}],"author":[{"embeddable":true,"href":"https:\/\/www.ngoune-avocat.com\/en\/wp-json\/wp\/v2\/users\/1"}],"replies":[{"embeddable":true,"href":"https:\/\/www.ngoune-avocat.com\/en\/wp-json\/wp\/v2\/comments?post=687"}],"version-history":[{"count":6,"href":"https:\/\/www.ngoune-avocat.com\/en\/wp-json\/wp\/v2\/pages\/687\/revisions"}],"predecessor-version":[{"id":1887,"href":"https:\/\/www.ngoune-avocat.com\/en\/wp-json\/wp\/v2\/pages\/687\/revisions\/1887"}],"up":[{"embeddable":true,"href":"https:\/\/www.ngoune-avocat.com\/en\/wp-json\/wp\/v2\/pages\/674"}],"wp:attachment":[{"href":"https:\/\/www.ngoune-avocat.com\/en\/wp-json\/wp\/v2\/media?parent=687"}],"curies":[{"name":"wp","href":"https:\/\/api.w.org\/{rel}","templated":true}]}}