{"id":693,"date":"2026-02-08T18:43:20","date_gmt":"2026-02-08T17:43:20","guid":{"rendered":"https:\/\/www.ngoune-avocat.com\/mentions-legales\/"},"modified":"2026-03-15T14:12:11","modified_gmt":"2026-03-15T13:12:11","slug":"legal-notices","status":"publish","type":"page","link":"https:\/\/www.ngoune-avocat.com\/en\/legal-notices\/","title":{"rendered":"Legal notices"},"content":{"rendered":"\n<section class=\"hero-image relative  w-full flex flex-col items-center justify-center overflow-hidden\">\n    \n    <!-- Image de fond -->\n            <img decoding=\"async\" \n            alt=\"\" \n            class=\"absolute inset-0 w-full h-full object-cover\" \n            src=\"https:\/\/www.ngoune-avocat.com\/wp-content\/uploads\/2026\/02\/wall.jpg\">\n        <div class=\"absolute inset-0 hero-overlay\"><\/div>\n        \n    <!-- Breadcrumb en haut \u00e0 gauche -->\n            <div class=\"absolute top-20 left-0 mt-10 w-full\">\n            <div class=\"max-w-7xl mx-auto px-4 sm:px-6 lg:px-8\">\n                \n<!-- Breadcrumb Schema.org JSON-LD -->\n<script type=\"application\/ld+json\">\n{\n    \"@context\": \"https:\/\/schema.org\",\n    \"@type\": \"BreadcrumbList\",\n    \"itemListElement\": [\n        {\n            \"@type\": \"ListItem\",\n            \"position\": 1,\n            \"name\": \"Home\",\n            \"item\": \"https:\/\/www.ngoune-avocat.com\/en\/\"\n        }\n    ]\n}<\/script>\n\n<!-- Breadcrumb Navigation -->\n<nav aria-label=\"Breadcrumb\" class=\"flex flex-nowrap items-center gap-2 text-[10px] font-bold tracking-[0.2em] text-slate-400 uppercase overflow-x-auto scrollbar-hide breadcrumb-nav\" itemscope itemtype=\"https:\/\/schema.org\/BreadcrumbList\">\n            \n                \n                    <!-- \u00c9l\u00e9ment actuel : tronqu\u00e9 sur desktop, scroll sur mobile -->\n            <span class=\"breadcrumb-current text-slate-900 whitespace-nowrap flex-shrink-0\" itemprop=\"itemListElement\" itemscope itemtype=\"https:\/\/schema.org\/ListItem\" aria-current=\"page\" title=\"Home\">\n                <meta itemprop=\"position\" content=\"1\" \/>\n                <span itemprop=\"name\">Home<\/span>\n            <\/span>\n                \n    <\/nav>\n            <\/div>\n        <\/div>\n        \n    <!-- Contenu align\u00e9 \u00e0 gauche (comme la home) -->\n    <div class=\"relative z-10 w-full hero-content mt-20\">\n        <div class=\"max-w-7xl mx-auto px-4 sm:px-6 lg:px-8 pt-20\">\n            <style>\n                .hero-image .hero-content-wrapper {\n                    padding-left: 0 !important;\n                }\n                @media (min-width: 1024px) {\n                    .hero-image .hero-content-wrapper {\n                        padding-left: 82px !important;\n                    }\n                }\n            <\/style>\n            <div class=\"ml-0 lg:ml-[100px] max-w-3xl hero-content-wrapper pt-5 pb-20\">\n                \n                                \n                                    <h1 class=\"hero-animate hero-animate-2 font-display text-4xl md:text-5xl lg:text-5xl text-white leading-tight\">\n                        <p>Legal notices<\/p>\n                    <\/h1>\n                                \n                                \n                                \n                <!-- Ligne d\u00e9corative -->\n                <div class=\"hero-animate hero-animate-4 h-1 w-24 bg-white mt-10\"><\/div>\n                \n            <\/div>\n        <\/div>\n    <\/div>\n    \n<\/section>\n\n\n\n<section class=\"pt-12   pb-6 bg-white\">\n    <div class=\"max-w-4xl mx-auto px-4 sm:px-6 lg:px-8\">\n        \n                \n                    <div class=\"prose prose-slate prose-lg mb-10\">\n                <p><strong>Website publisher<br \/>\n<\/strong>This website is published by the Firm Laura Ngoune Avocat, Paris, France. Publishing director: Laura Ngoune, Esq.<\/p>\n<p><strong>Contact<br \/>\n<\/strong>Email: <a href=\"mailto:contact@ngoune-avocat.com\">contact@ngoune-avocat.com<\/a><\/p>\n<p><strong>Host<br \/>\n<\/strong>The website is hosted by a professional technical service provider.<\/p>\n<p><strong>Content<br \/>\n<\/strong>The information provided on the Website is for informational purposes only. It has no contractual value.<\/p>\n<p>We strive to keep the Website up to date. However, we do not guarantee the accuracy or completeness of any information presented on the Website.<\/p>\n<p>The Site may contain links to websites managed by third parties. We are not responsible for the content of these other websites or their terms of access.<\/p>\n<p><strong>Terms of use<br \/>\n<\/strong>Use of this site implies full and complete acceptance of the general terms and conditions of use. The user undertakes to use the Site in a fair manner and in accordance with the regulations in force.<\/p>\n<p><strong>Intellectual property<br \/>\n<\/strong>All content on this site (text, images, videos, logos, graphic charter) is protected by copyright. Any reproduction without authorization is prohibited.<\/p>\n<p><strong>Protection of personal data<br \/>\n<\/strong>We may collect personal data about users via the Site. This data is processed in accordance with the regulations in force, in particular the Statute of January 6, 1978 (amended version) and the European General Data Protection Regulation No. 2016\/679 of April 27, 2016.<\/p>\n<p><strong>Disputes<br \/>\n<\/strong>Any dispute relating to the use of the Site is subject to French law. The competent courts of Paris shall have exclusive jurisdiction.<\/p>\n            <\/div>\n                \n                \n    <\/div>\n<\/section>\n","protected":false},"excerpt":{"rendered":"","protected":false},"author":1,"featured_media":0,"parent":0,"menu_order":0,"comment_status":"closed","ping_status":"closed","template":"","meta":{"_acf_changed":false,"footnotes":""},"class_list":["post-693","page","type-page","status-publish","hentry"],"acf":[],"_links":{"self":[{"href":"https:\/\/www.ngoune-avocat.com\/en\/wp-json\/wp\/v2\/pages\/693","targetHints":{"allow":["GET"]}}],"collection":[{"href":"https:\/\/www.ngoune-avocat.com\/en\/wp-json\/wp\/v2\/pages"}],"about":[{"href":"https:\/\/www.ngoune-avocat.com\/en\/wp-json\/wp\/v2\/types\/page"}],"author":[{"embeddable":true,"href":"https:\/\/www.ngoune-avocat.com\/en\/wp-json\/wp\/v2\/users\/1"}],"replies":[{"embeddable":true,"href":"https:\/\/www.ngoune-avocat.com\/en\/wp-json\/wp\/v2\/comments?post=693"}],"version-history":[{"count":5,"href":"https:\/\/www.ngoune-avocat.com\/en\/wp-json\/wp\/v2\/pages\/693\/revisions"}],"predecessor-version":[{"id":1726,"href":"https:\/\/www.ngoune-avocat.com\/en\/wp-json\/wp\/v2\/pages\/693\/revisions\/1726"}],"wp:attachment":[{"href":"https:\/\/www.ngoune-avocat.com\/en\/wp-json\/wp\/v2\/media?parent=693"}],"curies":[{"name":"wp","href":"https:\/\/api.w.org\/{rel}","templated":true}]}}